{"id":44,"date":"2026-05-06T16:30:42","date_gmt":"2026-05-06T16:30:42","guid":{"rendered":"https:\/\/www.sanaopas.fi\/?page_id=44"},"modified":"2026-05-06T16:31:22","modified_gmt":"2026-05-06T16:31:22","slug":"ota-yhteytta","status":"publish","type":"page","link":"http:\/\/www.sanaopas.fi\/?page_id=44","title":{"rendered":"Ota yhteytt\u00e4"},"content":{"rendered":"\n<p>Tiedustelut ja tarjouspyynn\u00f6t:<\/p>\n\n\n\n<p><strong>info@sanaopas.fi<\/strong><\/p>\n\n\n\n<p>Katso lista palveluista <a href=\"https:\/\/www.sanaopas.fi\/?page_id=19\">t\u00e4\u00e4lt\u00e4<\/a>. <\/p>\n","protected":false},"excerpt":{"rendered":"<p>Tiedustelut ja tarjouspyynn\u00f6t: info@sanaopas.fi Katso lista palveluista t\u00e4\u00e4lt\u00e4.<\/p>\n","protected":false},"author":1,"featured_media":0,"parent":0,"menu_order":0,"comment_status":"closed","ping_status":"closed","template":"","meta":{"footnotes":""},"class_list":["post-44","page","type-page","status-publish","hentry"],"_links":{"self":[{"href":"http:\/\/www.sanaopas.fi\/index.php?rest_route=\/wp\/v2\/pages\/44","targetHints":{"allow":["GET"]}}],"collection":[{"href":"http:\/\/www.sanaopas.fi\/index.php?rest_route=\/wp\/v2\/pages"}],"about":[{"href":"http:\/\/www.sanaopas.fi\/index.php?rest_route=\/wp\/v2\/types\/page"}],"author":[{"embeddable":true,"href":"http:\/\/www.sanaopas.fi\/index.php?rest_route=\/wp\/v2\/users\/1"}],"replies":[{"embeddable":true,"href":"http:\/\/www.sanaopas.fi\/index.php?rest_route=%2Fwp%2Fv2%2Fcomments&post=44"}],"version-history":[{"count":3,"href":"http:\/\/www.sanaopas.fi\/index.php?rest_route=\/wp\/v2\/pages\/44\/revisions"}],"predecessor-version":[{"id":50,"href":"http:\/\/www.sanaopas.fi\/index.php?rest_route=\/wp\/v2\/pages\/44\/revisions\/50"}],"wp:attachment":[{"href":"http:\/\/www.sanaopas.fi\/index.php?rest_route=%2Fwp%2Fv2%2Fmedia&parent=44"}],"curies":[{"name":"wp","href":"https:\/\/api.w.org\/{rel}","templated":true}]}}