{"id":7,"date":"2026-05-05T15:11:54","date_gmt":"2026-05-05T15:11:54","guid":{"rendered":"https:\/\/www.sanaopas.fi\/?page_id=7"},"modified":"2026-05-06T14:43:53","modified_gmt":"2026-05-06T14:43:53","slug":"tietoa-yrityksesta-2","status":"publish","type":"page","link":"https:\/\/www.sanaopas.fi\/?page_id=7","title":{"rendered":"Tietoa yrityksest\u00e4"},"content":{"rendered":"\n<p><strong>Sanaopas on tamperelainen yhden hengen kielipalveluyritys, jonka tavoite on tarjota ammattimaista, r\u00e4\u00e4t\u00e4l\u00f6ity\u00e4 ja helposti l\u00e4hestytt\u00e4v\u00e4\u00e4 kielipalvelua yrityksille ja yksityishenkil\u00f6ille.<\/strong><\/p>\n\n\n\n<div class=\"wp-block-media-text is-stacked-on-mobile\"><figure class=\"wp-block-media-text__media\"><img loading=\"lazy\" decoding=\"async\" width=\"650\" height=\"1024\" src=\"http:\/\/www.sanaopas.fi\/wp-content\/uploads\/2026\/05\/DSC_0023-650x1024.jpg\" alt=\"Pitk\u00e4hiuksinen nainen istuu sohvalla ja hymyilee. H\u00e4nen katseensa on suuntautunut katsojasta oikealle.\" class=\"wp-image-31 size-full\" srcset=\"https:\/\/www.sanaopas.fi\/wp-content\/uploads\/2026\/05\/DSC_0023-650x1024.jpg 650w, https:\/\/www.sanaopas.fi\/wp-content\/uploads\/2026\/05\/DSC_0023-191x300.jpg 191w, https:\/\/www.sanaopas.fi\/wp-content\/uploads\/2026\/05\/DSC_0023-768x1209.jpg 768w, https:\/\/www.sanaopas.fi\/wp-content\/uploads\/2026\/05\/DSC_0023-976x1536.jpg 976w, https:\/\/www.sanaopas.fi\/wp-content\/uploads\/2026\/05\/DSC_0023-1301x2048.jpg 1301w, https:\/\/www.sanaopas.fi\/wp-content\/uploads\/2026\/05\/DSC_0023-scaled.jpg 1626w\" sizes=\"auto, (max-width: 650px) 100vw, 650px\" \/><\/figure><div class=\"wp-block-media-text__content\">\n<p>Kieli on kaiken toimintamme keski\u00f6ss\u00e4. Siksi t\u00e4rke\u00e4\u00e4 ei ole pelk\u00e4st\u00e4\u00e4n se, <em>mit\u00e4 <\/em>viestimme, vaan <em>miten <\/em>viestimme.<\/p>\n\n\n\n<p>Kielenk\u00e4yt\u00f6n valintamme vaikuttavat olennaisesti siihen, miten muut meid\u00e4t n\u00e4kev\u00e4t ja millaisia yhteyksi\u00e4 luomme. Valitsemalla oikeat sanat teet viestist\u00e4si informatiivisen, ilmaisuvoimaisen tai vaikuttavan. Kieli on keskeinen ty\u00f6kalu my\u00f6s saavutettavuuden lis\u00e4\u00e4misess\u00e4: kielellisen saavutettavuuden my\u00f6t\u00e4 viestisi tavoittaa yh\u00e4 useammat vastaanottajat.<\/p>\n\n\n\n<p>Ennen kaikkea kieli on inhimillist\u00e4 toimintaa: viestint\u00e4\u00e4 ihmisilt\u00e4 ihmisille. Siksi ihmisen kyn\u00e4st\u00e4 l\u00e4ht\u00f6isin oleva teksti on aina vaikuttavampi kuin teko\u00e4lyn tuottama. Kieliammattilaisen kirjoittamalla tai tarkistamalla tekstill\u00e4 varmistat, ett\u00e4 tekstisi on oikeellinen, huomioi lukijasi ja viestii juuri sit\u00e4, mit\u00e4 haluatkin sen viestiv\u00e4n.<\/p>\n\n\n\n<p>Sanaopas-kielipalvelu tarjoaa k\u00e4\u00e4nn\u00f6ksi\u00e4, tekstinhuoltopalveluita ja sis\u00e4ll\u00f6nmuotoilun palveluita yrityksille ja yksityishenkil\u00f6ille. Voit k\u00e4\u00e4nn\u00e4tt\u00e4\u00e4 tai tarkistuttaa tekstisi ammattilaisella tai saada kieliasiantuntijan vinkkej\u00e4 tekstisi rakenteen ja ilmaisun hiomiseen \u2013 kaiken t\u00e4m\u00e4n yksil\u00f6llisesti toteutettuna ja juuri sinun tarpeisiisi r\u00e4\u00e4t\u00e4l\u00f6ityn\u00e4.<\/p>\n\n\n\n<p>Yrityksen taustalla on koulutettu k\u00e4\u00e4nt\u00e4j\u00e4 ja kieltenopettaja Heli Manninen, jolla on vahvaa kokemusta monipuolisten tekstien k\u00e4\u00e4nt\u00e4misest\u00e4, oikoluvusta, editoinnista ja tuottamisesta. Erityisosaamistani ovat markkinointitekstit, akateemiset tekstit, opetusmateriaalit ja multimodaaliset tekstit. T\u00e4ll\u00e4 hetkell\u00e4 palveluiden kielivalikoimaan kuuluvat suomi, englanti ja ruotsi.<\/p>\n<\/div><\/div>\n\n\n\n<p><strong>Tiedustelut ja tarjouspyynn\u00f6t: info@sanaopas.fi<\/strong><\/p>\n","protected":false},"excerpt":{"rendered":"<p>Sanaopas on tamperelainen yhden hengen kielipalveluyritys, jonka tavoite on tarjota ammattimaista, r\u00e4\u00e4t\u00e4l\u00f6ity\u00e4 ja helposti l\u00e4hestytt\u00e4v\u00e4\u00e4 kielipalvelua yrityksille ja yksityishenkil\u00f6ille. Kieli on kaiken toimintamme keski\u00f6ss\u00e4. Siksi t\u00e4rke\u00e4\u00e4 ei ole pelk\u00e4st\u00e4\u00e4n se, mit\u00e4 viestimme, vaan miten viestimme. Kielenk\u00e4yt\u00f6n valintamme vaikuttavat olennaisesti siihen, miten muut meid\u00e4t n\u00e4kev\u00e4t ja millaisia yhteyksi\u00e4 luomme. Valitsemalla oikeat [&hellip;]<\/p>\n","protected":false},"author":1,"featured_media":0,"parent":0,"menu_order":0,"comment_status":"closed","ping_status":"closed","template":"","meta":{"footnotes":""},"class_list":["post-7","page","type-page","status-publish","hentry"],"_links":{"self":[{"href":"https:\/\/www.sanaopas.fi\/index.php?rest_route=\/wp\/v2\/pages\/7","targetHints":{"allow":["GET"]}}],"collection":[{"href":"https:\/\/www.sanaopas.fi\/index.php?rest_route=\/wp\/v2\/pages"}],"about":[{"href":"https:\/\/www.sanaopas.fi\/index.php?rest_route=\/wp\/v2\/types\/page"}],"author":[{"embeddable":true,"href":"https:\/\/www.sanaopas.fi\/index.php?rest_route=\/wp\/v2\/users\/1"}],"replies":[{"embeddable":true,"href":"https:\/\/www.sanaopas.fi\/index.php?rest_route=%2Fwp%2Fv2%2Fcomments&post=7"}],"version-history":[{"count":3,"href":"https:\/\/www.sanaopas.fi\/index.php?rest_route=\/wp\/v2\/pages\/7\/revisions"}],"predecessor-version":[{"id":36,"href":"https:\/\/www.sanaopas.fi\/index.php?rest_route=\/wp\/v2\/pages\/7\/revisions\/36"}],"wp:attachment":[{"href":"https:\/\/www.sanaopas.fi\/index.php?rest_route=%2Fwp%2Fv2%2Fmedia&parent=7"}],"curies":[{"name":"wp","href":"https:\/\/api.w.org\/{rel}","templated":true}]}}